{"id":385,"date":"2021-03-06T13:05:11","date_gmt":"2021-03-06T13:05:11","guid":{"rendered":"https:\/\/localhost\/asiawinenews\/?page_id=385"},"modified":"2021-03-25T08:13:41","modified_gmt":"2021-03-25T08:13:41","slug":"wechat","status":"publish","type":"page","link":"https:\/\/cellar.asia\/vi\/wechat\/","title":{"rendered":"WeChat"},"content":{"rendered":"\t\t<div data-elementor-type=\"wp-page\" data-elementor-id=\"385\" class=\"elementor elementor-385\">\n\t\t\t\t\t\t<section data-particle_enable=\"false\" data-particle-mobile-disabled=\"false\" class=\"elementor-section elementor-top-section elementor-element elementor-element-799628e elementor-section-full_width elementor-section-height-default elementor-section-height-default\" data-id=\"799628e\" data-element_type=\"section\">\n\t\t\t\t\t\t<div class=\"elementor-container elementor-column-gap-no\">\n\t\t\t\t\t<div class=\"elementor-column elementor-col-100 elementor-top-column elementor-element elementor-element-af2e8be\" data-id=\"af2e8be\" data-element_type=\"column\">\n\t\t\t<div class=\"elementor-widget-wrap elementor-element-populated\">\n\t\t\t\t\t\t<div class=\"elementor-element elementor-element-ac4b269 elementor-widget elementor-widget-text-editor\" data-id=\"ac4b269\" data-element_type=\"widget\" data-widget_type=\"text-editor.default\">\n\t\t\t\t<div class=\"elementor-widget-container\">\n\t\t\t\t\t\t\t<p>Qu\u00e9t m\u00e3 QR b\u00ean d\u01b0\u1edbi \u0111\u1ec3 nh\u1eadn tin t\u1ee9c v\u00e0 xu h\u01b0\u1edbng r\u01b0\u1ee3u vang m\u1edbi nh\u1ea5t t\u1ea1i ch\u00e2u \u00c1 tr\u00ean WeChat.<\/p>\t\t\t\t\t\t<\/div>\n\t\t\t\t<\/div>\n\t\t\t\t\t<\/div>\n\t\t<\/div>\n\t\t\t\t\t<\/div>\n\t\t<\/section>\n\t\t\t\t<section data-particle_enable=\"false\" data-particle-mobile-disabled=\"false\" class=\"elementor-section elementor-top-section elementor-element elementor-element-7d73f4b elementor-section-full_width elementor-section-height-default elementor-section-height-default\" data-id=\"7d73f4b\" data-element_type=\"section\">\n\t\t\t\t\t\t<div class=\"elementor-container elementor-column-gap-no\">\n\t\t\t\t\t<div class=\"elementor-column elementor-col-50 elementor-top-column elementor-element elementor-element-37efce8\" data-id=\"37efce8\" data-element_type=\"column\">\n\t\t\t<div class=\"elementor-widget-wrap elementor-element-populated\">\n\t\t\t\t\t\t<div class=\"elementor-element elementor-element-eb442ff elementor-widget elementor-widget-image\" data-id=\"eb442ff\" data-element_type=\"widget\" data-widget_type=\"image.default\">\n\t\t\t\t<div class=\"elementor-widget-container\">\n\t\t\t\t\t\t\t\t\t\t\t\t\t<img loading=\"lazy\" decoding=\"async\" width=\"800\" height=\"800\" src=\"image\/png;base64,iVBORw0KGgoAAAANSUhEUgAAAYYAAADcAQMAAABOLJSDAAAAA1BMVEUAAACnej3aAAAAAXRSTlMAQObYZgAAACJJREFUaIHtwTEBAAAAwqD1T20ND6AAAAAAAAAAAAAA4N8AKvgAAUFIrrEAAAAASUVORK5CYII=\" class=\"attachment-large size-large wp-image-13626 lazy-img\" alt=\"QRCode Jiu Dashi\" data-src=\"https:\/\/cellar.asia\/vi\/wp-content\/uploads\/sites\/6\/2021\/03\/QRCode-JiuDashi-C.png\" loading=\"lazy\" \/>\t\t\t\t\t\t\t\t\t\t\t\t\t<\/div>\n\t\t\t\t<\/div>\n\t\t\t\t<div class=\"elementor-element elementor-element-2fc19ae elementor-widget elementor-widget-text-editor\" data-id=\"2fc19ae\" data-element_type=\"widget\" data-widget_type=\"text-editor.default\">\n\t\t\t\t<div class=\"elementor-widget-container\">\n\t\t\t\t\t\t\tJiu Dashi\t\t\t\t\t\t<\/div>\n\t\t\t\t<\/div>\n\t\t\t\t\t<\/div>\n\t\t<\/div>\n\t\t\t\t<div class=\"elementor-column elementor-col-50 elementor-top-column elementor-element elementor-element-6edbe35\" data-id=\"6edbe35\" data-element_type=\"column\">\n\t\t\t<div class=\"elementor-widget-wrap elementor-element-populated\">\n\t\t\t\t\t\t<div class=\"elementor-element elementor-element-e437cca elementor-widget elementor-widget-image\" data-id=\"e437cca\" data-element_type=\"widget\" data-widget_type=\"image.default\">\n\t\t\t\t<div class=\"elementor-widget-container\">\n\t\t\t\t\t\t\t\t\t\t\t\t\t<img loading=\"lazy\" decoding=\"async\" width=\"800\" height=\"800\" src=\"image\/png;base64,iVBORw0KGgoAAAANSUhEUgAAAYYAAADcAQMAAABOLJSDAAAAA1BMVEUAAACnej3aAAAAAXRSTlMAQObYZgAAACJJREFUaIHtwTEBAAAAwqD1T20ND6AAAAAAAAAAAAAA4N8AKvgAAUFIrrEAAAAASUVORK5CYII=\" class=\"attachment-large size-large wp-image-13625 lazy-img\" alt=\"QRCode Asia Beverage Media Group\" data-src=\"https:\/\/cellar.asia\/vi\/wp-content\/uploads\/sites\/6\/2021\/03\/QRCode-ABMG-C.png\" loading=\"lazy\" \/>\t\t\t\t\t\t\t\t\t\t\t\t\t<\/div>\n\t\t\t\t<\/div>\n\t\t\t\t<div class=\"elementor-element elementor-element-247700b elementor-widget elementor-widget-text-editor\" data-id=\"247700b\" data-element_type=\"widget\" data-widget_type=\"text-editor.default\">\n\t\t\t\t<div class=\"elementor-widget-container\">\n\t\t\t\t\t\t\t<p>Asia Beverage Media Group<\/p>\t\t\t\t\t\t<\/div>\n\t\t\t\t<\/div>\n\t\t\t\t\t<\/div>\n\t\t<\/div>\n\t\t\t\t\t<\/div>\n\t\t<\/section>\n\t\t\t\t<\/div>\n\t\t","protected":false},"excerpt":{"rendered":"<p>Qu\u00e9t m\u00e3 QR b\u00ean d\u01b0\u1edbi \u0111\u1ec3 nh\u1eadn tin t\u1ee9c v\u00e0 xu h\u01b0\u1edbng r\u01b0\u1ee3u vang m\u1edbi nh\u1ea5t t\u1ea1i ch\u00e2u \u00c1 tr\u00ean WeChat. Jiu Dashi Asia Beverage Media Group<\/p>\n","protected":false},"author":15,"featured_media":0,"parent":0,"menu_order":0,"comment_status":"closed","ping_status":"closed","template":"","meta":{"inline_featured_image":false,"footnotes":""},"class_list":["post-385","page","type-page","status-publish","hentry"],"yoast_head":"<!-- This site is optimized with the Yoast SEO plugin v23.8 - https:\/\/yoast.com\/wordpress\/plugins\/seo\/ -->\n<title>Tham gia v\u1edbi ch\u00fang t\u00f4i tr\u00ean WeChat | Cellar.Asia<\/title>\n<meta name=\"description\" content=\"Qu\u00e9t m\u00e3 QR b\u00ean d\u01b0\u1edbi \u0111\u1ec3 nh\u1eadn tin t\u1ee9c v\u00e0 xu h\u01b0\u1edbng r\u01b0\u1ee3u vang m\u1edbi nh\u1ea5t t\u1ea1i ch\u00e2u \u00c1 tr\u00ean WeChat.\" \/>\n<meta name=\"robots\" content=\"noindex, follow\" \/>\n<meta property=\"og:locale\" content=\"vi_VN\" \/>\n<meta property=\"og:type\" content=\"article\" \/>\n<meta property=\"og:title\" content=\"Tham gia v\u1edbi ch\u00fang t\u00f4i tr\u00ean WeChat | Cellar.Asia\" \/>\n<meta property=\"og:description\" content=\"Qu\u00e9t m\u00e3 QR b\u00ean d\u01b0\u1edbi \u0111\u1ec3 nh\u1eadn tin t\u1ee9c v\u00e0 xu h\u01b0\u1edbng r\u01b0\u1ee3u vang m\u1edbi nh\u1ea5t t\u1ea1i ch\u00e2u \u00c1 tr\u00ean WeChat.\" \/>\n<meta property=\"og:url\" content=\"https:\/\/cellar.asia\/vi\/wechat\/\" \/>\n<meta property=\"og:site_name\" content=\"Cellar.Asia\" \/>\n<meta property=\"article:publisher\" content=\"https:\/\/www.facebook.com\/cellarnfriends\/\" \/>\n<meta property=\"article:modified_time\" content=\"2021-03-25T08:13:41+00:00\" \/>\n<meta property=\"og:image\" content=\"https:\/\/cellar.asia\/vi\/wp-content\/uploads\/sites\/6\/2021\/03\/QRCode-JiuDashi-C.png\" \/>\n<meta name=\"twitter:card\" content=\"summary_large_image\" \/>\n<meta name=\"twitter:title\" content=\"Tham gia v\u1edbi ch\u00fang t\u00f4i tr\u00ean WeChat | Cellar.Asia\" \/>\n<meta name=\"twitter:description\" content=\"Qu\u00e9t m\u00e3 QR b\u00ean d\u01b0\u1edbi \u0111\u1ec3 nh\u1eadn tin t\u1ee9c v\u00e0 xu h\u01b0\u1edbng r\u01b0\u1ee3u vang m\u1edbi nh\u1ea5t t\u1ea1i ch\u00e2u \u00c1 tr\u00ean WeChat.\" \/>\n<meta name=\"twitter:site\" content=\"@cellarnfriends\" \/>\n<meta name=\"twitter:label1\" content=\"\u01af\u1edbc t\u00ednh th\u1eddi gian \u0111\u1ecdc\" \/>\n\t<meta name=\"twitter:data1\" content=\"1 ph\u00fat\" \/>\n<script type=\"application\/ld+json\" class=\"yoast-schema-graph\">{\"@context\":\"https:\/\/schema.org\",\"@graph\":[{\"@type\":\"WebPage\",\"@id\":\"https:\/\/cellar.asia\/vi\/wechat\/\",\"url\":\"https:\/\/cellar.asia\/vi\/wechat\/\",\"name\":\"Tham gia v\u1edbi ch\u00fang t\u00f4i tr\u00ean WeChat | Cellar.Asia\",\"isPartOf\":{\"@id\":\"https:\/\/cellar.asia\/vi\/#website\"},\"primaryImageOfPage\":{\"@id\":\"https:\/\/cellar.asia\/vi\/wechat\/#primaryimage\"},\"image\":{\"@id\":\"https:\/\/cellar.asia\/vi\/wechat\/#primaryimage\"},\"thumbnailUrl\":\"https:\/\/cellar.asia\/vi\/wp-content\/uploads\/sites\/6\/2021\/03\/QRCode-JiuDashi-C.png\",\"datePublished\":\"2021-03-06T13:05:11+00:00\",\"dateModified\":\"2021-03-25T08:13:41+00:00\",\"description\":\"Qu\u00e9t m\u00e3 QR b\u00ean d\u01b0\u1edbi \u0111\u1ec3 nh\u1eadn tin t\u1ee9c v\u00e0 xu h\u01b0\u1edbng r\u01b0\u1ee3u vang m\u1edbi nh\u1ea5t t\u1ea1i ch\u00e2u \u00c1 tr\u00ean WeChat.\",\"breadcrumb\":{\"@id\":\"https:\/\/cellar.asia\/vi\/wechat\/#breadcrumb\"},\"inLanguage\":\"vi\",\"potentialAction\":[{\"@type\":\"ReadAction\",\"target\":[\"https:\/\/cellar.asia\/vi\/wechat\/\"]}]},{\"@type\":\"ImageObject\",\"inLanguage\":\"vi\",\"@id\":\"https:\/\/cellar.asia\/vi\/wechat\/#primaryimage\",\"url\":\"https:\/\/cellar.asia\/vi\/wp-content\/uploads\/sites\/6\/2021\/03\/QRCode-JiuDashi-C.png\",\"contentUrl\":\"https:\/\/cellar.asia\/vi\/wp-content\/uploads\/sites\/6\/2021\/03\/QRCode-JiuDashi-C.png\",\"width\":800,\"height\":800,\"caption\":\"QRCode Jiu Dashi\"},{\"@type\":\"BreadcrumbList\",\"@id\":\"https:\/\/cellar.asia\/vi\/wechat\/#breadcrumb\",\"itemListElement\":[{\"@type\":\"ListItem\",\"position\":1,\"name\":\"Home\",\"item\":\"https:\/\/cellar.asia\/vi\/\"},{\"@type\":\"ListItem\",\"position\":2,\"name\":\"WeChat\"}]},{\"@type\":\"WebSite\",\"@id\":\"https:\/\/cellar.asia\/vi\/#website\",\"url\":\"https:\/\/cellar.asia\/vi\/\",\"name\":\"Cellar.Asia\",\"description\":\"T\u1ea1p ch\u00ed R\u01b0\u1ee3u vang Ch\u00e2u \u00c1 | \u0110\u00e1nh gi\u00e1 &amp; Tin t\u1ee9c v\u1ec1 R\u01b0\u1ee3u vang, T\u00ecm hi\u1ec3u v\u1ec1 R\u01b0\u1ee3u vang\",\"publisher\":{\"@id\":\"https:\/\/cellar.asia\/vi\/#organization\"},\"potentialAction\":[{\"@type\":\"SearchAction\",\"target\":{\"@type\":\"EntryPoint\",\"urlTemplate\":\"https:\/\/cellar.asia\/vi\/?s={search_term_string}\"},\"query-input\":{\"@type\":\"PropertyValueSpecification\",\"valueRequired\":true,\"valueName\":\"search_term_string\"}}],\"inLanguage\":\"vi\"},{\"@type\":\"Organization\",\"@id\":\"https:\/\/cellar.asia\/vi\/#organization\",\"name\":\"Cellar.Asia\",\"url\":\"https:\/\/cellar.asia\/vi\/\",\"logo\":{\"@type\":\"ImageObject\",\"inLanguage\":\"vi\",\"@id\":\"https:\/\/cellar.asia\/vi\/#\/schema\/logo\/image\/\",\"url\":\"https:\/\/cellar.asia\/vi\/wp-content\/uploads\/sites\/6\/2020\/08\/logo-cellar-asia-b.svg\",\"contentUrl\":\"https:\/\/cellar.asia\/vi\/wp-content\/uploads\/sites\/6\/2020\/08\/logo-cellar-asia-b.svg\",\"width\":1,\"height\":1,\"caption\":\"Cellar.Asia\"},\"image\":{\"@id\":\"https:\/\/cellar.asia\/vi\/#\/schema\/logo\/image\/\"},\"sameAs\":[\"https:\/\/www.facebook.com\/cellarnfriends\/\",\"https:\/\/x.com\/cellarnfriends\",\"https:\/\/www.instagram.com\/cellarnfriends\/\",\"https:\/\/www.youtube.com\/channel\/UCmw6JjZ9oyqu8nOamIV0GJw\"]}]}<\/script>\n<!-- \/ Yoast SEO plugin. -->","yoast_head_json":{"title":"Tham gia v\u1edbi ch\u00fang t\u00f4i tr\u00ean WeChat | Cellar.Asia","description":"Qu\u00e9t m\u00e3 QR b\u00ean d\u01b0\u1edbi \u0111\u1ec3 nh\u1eadn tin t\u1ee9c v\u00e0 xu h\u01b0\u1edbng r\u01b0\u1ee3u vang m\u1edbi nh\u1ea5t t\u1ea1i ch\u00e2u \u00c1 tr\u00ean WeChat.","robots":{"index":"noindex","follow":"follow"},"og_locale":"vi_VN","og_type":"article","og_title":"Tham gia v\u1edbi ch\u00fang t\u00f4i tr\u00ean WeChat | Cellar.Asia","og_description":"Qu\u00e9t m\u00e3 QR b\u00ean d\u01b0\u1edbi \u0111\u1ec3 nh\u1eadn tin t\u1ee9c v\u00e0 xu h\u01b0\u1edbng r\u01b0\u1ee3u vang m\u1edbi nh\u1ea5t t\u1ea1i ch\u00e2u \u00c1 tr\u00ean WeChat.","og_url":"https:\/\/cellar.asia\/vi\/wechat\/","og_site_name":"Cellar.Asia","article_publisher":"https:\/\/www.facebook.com\/cellarnfriends\/","article_modified_time":"2021-03-25T08:13:41+00:00","og_image":[{"url":"https:\/\/cellar.asia\/vi\/wp-content\/uploads\/sites\/6\/2021\/03\/QRCode-JiuDashi-C.png"}],"twitter_card":"summary_large_image","twitter_title":"Tham gia v\u1edbi ch\u00fang t\u00f4i tr\u00ean WeChat | Cellar.Asia","twitter_description":"Qu\u00e9t m\u00e3 QR b\u00ean d\u01b0\u1edbi \u0111\u1ec3 nh\u1eadn tin t\u1ee9c v\u00e0 xu h\u01b0\u1edbng r\u01b0\u1ee3u vang m\u1edbi nh\u1ea5t t\u1ea1i ch\u00e2u \u00c1 tr\u00ean WeChat.","twitter_site":"@cellarnfriends","twitter_misc":{"\u01af\u1edbc t\u00ednh th\u1eddi gian \u0111\u1ecdc":"1 ph\u00fat"},"schema":{"@context":"https:\/\/schema.org","@graph":[{"@type":"WebPage","@id":"https:\/\/cellar.asia\/vi\/wechat\/","url":"https:\/\/cellar.asia\/vi\/wechat\/","name":"Tham gia v\u1edbi ch\u00fang t\u00f4i tr\u00ean WeChat | Cellar.Asia","isPartOf":{"@id":"https:\/\/cellar.asia\/vi\/#website"},"primaryImageOfPage":{"@id":"https:\/\/cellar.asia\/vi\/wechat\/#primaryimage"},"image":{"@id":"https:\/\/cellar.asia\/vi\/wechat\/#primaryimage"},"thumbnailUrl":"https:\/\/cellar.asia\/vi\/wp-content\/uploads\/sites\/6\/2021\/03\/QRCode-JiuDashi-C.png","datePublished":"2021-03-06T13:05:11+00:00","dateModified":"2021-03-25T08:13:41+00:00","description":"Qu\u00e9t m\u00e3 QR b\u00ean d\u01b0\u1edbi \u0111\u1ec3 nh\u1eadn tin t\u1ee9c v\u00e0 xu h\u01b0\u1edbng r\u01b0\u1ee3u vang m\u1edbi nh\u1ea5t t\u1ea1i ch\u00e2u \u00c1 tr\u00ean WeChat.","breadcrumb":{"@id":"https:\/\/cellar.asia\/vi\/wechat\/#breadcrumb"},"inLanguage":"vi","potentialAction":[{"@type":"ReadAction","target":["https:\/\/cellar.asia\/vi\/wechat\/"]}]},{"@type":"ImageObject","inLanguage":"vi","@id":"https:\/\/cellar.asia\/vi\/wechat\/#primaryimage","url":"https:\/\/cellar.asia\/vi\/wp-content\/uploads\/sites\/6\/2021\/03\/QRCode-JiuDashi-C.png","contentUrl":"https:\/\/cellar.asia\/vi\/wp-content\/uploads\/sites\/6\/2021\/03\/QRCode-JiuDashi-C.png","width":800,"height":800,"caption":"QRCode Jiu Dashi"},{"@type":"BreadcrumbList","@id":"https:\/\/cellar.asia\/vi\/wechat\/#breadcrumb","itemListElement":[{"@type":"ListItem","position":1,"name":"Home","item":"https:\/\/cellar.asia\/vi\/"},{"@type":"ListItem","position":2,"name":"WeChat"}]},{"@type":"WebSite","@id":"https:\/\/cellar.asia\/vi\/#website","url":"https:\/\/cellar.asia\/vi\/","name":"Cellar.Asia","description":"T\u1ea1p ch\u00ed R\u01b0\u1ee3u vang Ch\u00e2u \u00c1 | \u0110\u00e1nh gi\u00e1 &amp; Tin t\u1ee9c v\u1ec1 R\u01b0\u1ee3u vang, T\u00ecm hi\u1ec3u v\u1ec1 R\u01b0\u1ee3u vang","publisher":{"@id":"https:\/\/cellar.asia\/vi\/#organization"},"potentialAction":[{"@type":"SearchAction","target":{"@type":"EntryPoint","urlTemplate":"https:\/\/cellar.asia\/vi\/?s={search_term_string}"},"query-input":{"@type":"PropertyValueSpecification","valueRequired":true,"valueName":"search_term_string"}}],"inLanguage":"vi"},{"@type":"Organization","@id":"https:\/\/cellar.asia\/vi\/#organization","name":"Cellar.Asia","url":"https:\/\/cellar.asia\/vi\/","logo":{"@type":"ImageObject","inLanguage":"vi","@id":"https:\/\/cellar.asia\/vi\/#\/schema\/logo\/image\/","url":"https:\/\/cellar.asia\/vi\/wp-content\/uploads\/sites\/6\/2020\/08\/logo-cellar-asia-b.svg","contentUrl":"https:\/\/cellar.asia\/vi\/wp-content\/uploads\/sites\/6\/2020\/08\/logo-cellar-asia-b.svg","width":1,"height":1,"caption":"Cellar.Asia"},"image":{"@id":"https:\/\/cellar.asia\/vi\/#\/schema\/logo\/image\/"},"sameAs":["https:\/\/www.facebook.com\/cellarnfriends\/","https:\/\/x.com\/cellarnfriends","https:\/\/www.instagram.com\/cellarnfriends\/","https:\/\/www.youtube.com\/channel\/UCmw6JjZ9oyqu8nOamIV0GJw"]}]}},"_links":{"self":[{"href":"https:\/\/cellar.asia\/vi\/wp-json\/wp\/v2\/pages\/385"}],"collection":[{"href":"https:\/\/cellar.asia\/vi\/wp-json\/wp\/v2\/pages"}],"about":[{"href":"https:\/\/cellar.asia\/vi\/wp-json\/wp\/v2\/types\/page"}],"author":[{"embeddable":true,"href":"https:\/\/cellar.asia\/vi\/wp-json\/wp\/v2\/users\/15"}],"replies":[{"embeddable":true,"href":"https:\/\/cellar.asia\/vi\/wp-json\/wp\/v2\/comments?post=385"}],"version-history":[{"count":0,"href":"https:\/\/cellar.asia\/vi\/wp-json\/wp\/v2\/pages\/385\/revisions"}],"wp:attachment":[{"href":"https:\/\/cellar.asia\/vi\/wp-json\/wp\/v2\/media?parent=385"}],"curies":[{"name":"wp","href":"https:\/\/api.w.org\/{rel}","templated":true}]}}